{"id":44,"date":"2026-03-24T12:01:56","date_gmt":"2026-03-24T12:01:56","guid":{"rendered":"https:\/\/termotim.si\/?page_id=44"},"modified":"2026-04-02T12:53:01","modified_gmt":"2026-04-02T12:53:01","slug":"kotlovnice","status":"publish","type":"page","link":"https:\/\/termotim.si\/index.php\/kotlovnice\/","title":{"rendered":"Kotlovnice"},"content":{"rendered":"\n<p><strong>V Termotim izvajamo novogradnje, prenove in posodobitve kotlovnic za stanovanjske in poslovne objekte. Pri delu poskrbimo za varnost, zanesljivost in optimalno u\u010dinkovitost celotnega ogrevalnega sistema. <\/strong><\/p>\n\n\n\n<p><strong>Izvajamo celovito izvedbo \u2013 od demonta\u017ee stare opreme do zagona nove kotlovnice.<\/strong> <\/p>\n\n\n<div class=\"wp-block-image is-style-rounded\">\n<figure data-wp-context=\"{&quot;imageId&quot;:&quot;69e23f8872c04&quot;}\" data-wp-interactive=\"core\/image\" data-wp-key=\"69e23f8872c04\" class=\"alignright size-large is-resized wp-lightbox-container\"><img fetchpriority=\"high\" decoding=\"async\" width=\"768\" height=\"1024\" data-wp-class--hide=\"state.isContentHidden\" data-wp-class--show=\"state.isContentVisible\" data-wp-init=\"callbacks.setButtonStyles\" data-wp-on--click=\"actions.showLightbox\" data-wp-on--load=\"callbacks.setButtonStyles\" data-wp-on-window--resize=\"callbacks.setButtonStyles\" src=\"https:\/\/termotim.si\/wp-content\/uploads\/2026\/04\/1634489708580-768x1024.jpg\" alt=\"\" class=\"wp-image-644\" style=\"aspect-ratio:0.7500079503895691;width:347px;height:auto\" srcset=\"https:\/\/termotim.si\/wp-content\/uploads\/2026\/04\/1634489708580-768x1024.jpg 768w, https:\/\/termotim.si\/wp-content\/uploads\/2026\/04\/1634489708580-225x300.jpg 225w, https:\/\/termotim.si\/wp-content\/uploads\/2026\/04\/1634489708580-1152x1536.jpg 1152w, https:\/\/termotim.si\/wp-content\/uploads\/2026\/04\/1634489708580-1536x2048.jpg 1536w, https:\/\/termotim.si\/wp-content\/uploads\/2026\/04\/1634489708580-scaled.jpg 1920w\" sizes=\"(max-width: 768px) 100vw, 768px\" \/><button\n\t\t\tclass=\"lightbox-trigger\"\n\t\t\ttype=\"button\"\n\t\t\taria-haspopup=\"dialog\"\n\t\t\taria-label=\"Pove\u010daj\"\n\t\t\tdata-wp-init=\"callbacks.initTriggerButton\"\n\t\t\tdata-wp-on--click=\"actions.showLightbox\"\n\t\t\tdata-wp-style--right=\"state.imageButtonRight\"\n\t\t\tdata-wp-style--top=\"state.imageButtonTop\"\n\t\t>\n\t\t\t<svg xmlns=\"http:\/\/www.w3.org\/2000\/svg\" width=\"12\" height=\"12\" fill=\"none\" viewBox=\"0 0 12 12\">\n\t\t\t\t<path fill=\"#fff\" d=\"M2 0a2 2 0 0 0-2 2v2h1.5V2a.5.5 0 0 1 .5-.5h2V0H2Zm2 10.5H2a.5.5 0 0 1-.5-.5V8H0v2a2 2 0 0 0 2 2h2v-1.5ZM8 12v-1.5h2a.5.5 0 0 0 .5-.5V8H12v2a2 2 0 0 1-2 2H8Zm2-12a2 2 0 0 1 2 2v2h-1.5V2a.5.5 0 0 0-.5-.5H8V0h2Z\" \/>\n\t\t\t<\/svg>\n\t\t<\/button><\/figure>\n<\/div>\n\n\n<p><strong>Nudimo:<\/strong><\/p>\n\n\n\n<ul class=\"wp-block-list\">\n<li><strong>vgradnjo novih kotlovnic na plin, pelete, drva ali olje<\/strong><\/li>\n\n\n\n<li><strong>posodobitev obstoje\u010dih sistemov<\/strong><\/li>\n\n\n\n<li><strong>monta\u017eo pe\u010di, toplotnih \u010drpalk, zalogovnikov in me\u0161alnih ventilov<\/strong><\/li>\n\n\n\n<li><strong>izvedbo hidravli\u010dnih povezav<\/strong><\/li>\n\n\n\n<li><strong>izgradnjo dimnikov in povezavo na dimni sistem<\/strong><\/li>\n\n\n\n<li><strong>regulacijo in optimizacijo ogrevanja<\/strong><\/li>\n\n\n\n<li><strong>vzdr\u017eevanje in servis<\/strong><\/li>\n<\/ul>\n\n\n\n<p><\/p>\n\n\n\n<p><\/p>\n\n\n\n<p><strong>Zagotavljamo, da je celoten sistem tehni\u010dno pravilno izveden, var\u010den in prilagojen potrebam objekta. <\/strong><\/p>\n\n\n\n<p><\/p>\n\n\n<div class=\"wp-block-image is-style-rounded\">\n<figure data-wp-context=\"{&quot;imageId&quot;:&quot;69e23f887330b&quot;}\" data-wp-interactive=\"core\/image\" data-wp-key=\"69e23f887330b\" class=\"aligncenter size-large is-resized wp-lightbox-container\"><img decoding=\"async\" width=\"768\" height=\"1024\" data-wp-class--hide=\"state.isContentHidden\" data-wp-class--show=\"state.isContentVisible\" data-wp-init=\"callbacks.setButtonStyles\" data-wp-on--click=\"actions.showLightbox\" data-wp-on--load=\"callbacks.setButtonStyles\" data-wp-on-window--resize=\"callbacks.setButtonStyles\" src=\"https:\/\/termotim.si\/wp-content\/uploads\/2026\/04\/1634489708581-1-768x1024.jpg\" alt=\"\" class=\"wp-image-646\" style=\"aspect-ratio:0.7500055069718263;width:433px;height:auto\" srcset=\"https:\/\/termotim.si\/wp-content\/uploads\/2026\/04\/1634489708581-1-768x1024.jpg 768w, https:\/\/termotim.si\/wp-content\/uploads\/2026\/04\/1634489708581-1-225x300.jpg 225w, https:\/\/termotim.si\/wp-content\/uploads\/2026\/04\/1634489708581-1-1152x1536.jpg 1152w, https:\/\/termotim.si\/wp-content\/uploads\/2026\/04\/1634489708581-1-1536x2048.jpg 1536w, https:\/\/termotim.si\/wp-content\/uploads\/2026\/04\/1634489708581-1-scaled.jpg 1920w\" sizes=\"(max-width: 768px) 100vw, 768px\" \/><button\n\t\t\tclass=\"lightbox-trigger\"\n\t\t\ttype=\"button\"\n\t\t\taria-haspopup=\"dialog\"\n\t\t\taria-label=\"Pove\u010daj\"\n\t\t\tdata-wp-init=\"callbacks.initTriggerButton\"\n\t\t\tdata-wp-on--click=\"actions.showLightbox\"\n\t\t\tdata-wp-style--right=\"state.imageButtonRight\"\n\t\t\tdata-wp-style--top=\"state.imageButtonTop\"\n\t\t>\n\t\t\t<svg xmlns=\"http:\/\/www.w3.org\/2000\/svg\" width=\"12\" height=\"12\" fill=\"none\" viewBox=\"0 0 12 12\">\n\t\t\t\t<path fill=\"#fff\" d=\"M2 0a2 2 0 0 0-2 2v2h1.5V2a.5.5 0 0 1 .5-.5h2V0H2Zm2 10.5H2a.5.5 0 0 1-.5-.5V8H0v2a2 2 0 0 0 2 2h2v-1.5ZM8 12v-1.5h2a.5.5 0 0 0 .5-.5V8H12v2a2 2 0 0 1-2 2H8Zm2-12a2 2 0 0 1 2 2v2h-1.5V2a.5.5 0 0 0-.5-.5H8V0h2Z\" \/>\n\t\t\t<\/svg>\n\t\t<\/button><\/figure>\n<\/div>","protected":false},"excerpt":{"rendered":"<p>V Termotim izvajamo novogradnje, prenove in posodobitve kotlovnic za stanovanjske in poslovne objekte. Pri delu poskrbimo za varnost, zanesljivost in optimalno u\u010dinkovitost celotnega ogrevalnega sistema. Izvajamo celovito izvedbo \u2013 od demonta\u017ee stare opreme do zagona nove kotlovnice. Nudimo: Zagotavljamo, da je celoten sistem tehni\u010dno pravilno izveden, var\u010den in prilagojen potrebam objekta.<\/p>\n","protected":false},"author":1,"featured_media":0,"parent":0,"menu_order":0,"comment_status":"closed","ping_status":"closed","template":"","meta":{"neve_meta_sidebar":"","neve_meta_container":"","neve_meta_enable_content_width":"","neve_meta_content_width":0,"neve_meta_title_alignment":"","neve_meta_author_avatar":"","neve_post_elements_order":"","neve_meta_disable_header":"","neve_meta_disable_footer":"","neve_meta_disable_title":"","footnotes":""},"class_list":["post-44","page","type-page","status-publish","hentry"],"_links":{"self":[{"href":"https:\/\/termotim.si\/index.php\/wp-json\/wp\/v2\/pages\/44","targetHints":{"allow":["GET"]}}],"collection":[{"href":"https:\/\/termotim.si\/index.php\/wp-json\/wp\/v2\/pages"}],"about":[{"href":"https:\/\/termotim.si\/index.php\/wp-json\/wp\/v2\/types\/page"}],"author":[{"embeddable":true,"href":"https:\/\/termotim.si\/index.php\/wp-json\/wp\/v2\/users\/1"}],"replies":[{"embeddable":true,"href":"https:\/\/termotim.si\/index.php\/wp-json\/wp\/v2\/comments?post=44"}],"version-history":[{"count":6,"href":"https:\/\/termotim.si\/index.php\/wp-json\/wp\/v2\/pages\/44\/revisions"}],"predecessor-version":[{"id":654,"href":"https:\/\/termotim.si\/index.php\/wp-json\/wp\/v2\/pages\/44\/revisions\/654"}],"wp:attachment":[{"href":"https:\/\/termotim.si\/index.php\/wp-json\/wp\/v2\/media?parent=44"}],"curies":[{"name":"wp","href":"https:\/\/api.w.org\/{rel}","templated":true}]}}