{"id":43,"date":"2026-03-24T12:01:56","date_gmt":"2026-03-24T12:01:56","guid":{"rendered":"https:\/\/termotim.si\/?page_id=43"},"modified":"2026-04-02T13:11:35","modified_gmt":"2026-04-02T13:11:35","slug":"klimatske-naprave-in-toplotne-crpalke","status":"publish","type":"page","link":"https:\/\/termotim.si\/index.php\/klimatske-naprave-in-toplotne-crpalke\/","title":{"rendered":"Klimatske naprave in toplotne \u010drpalke"},"content":{"rendered":"\n<p><strong>V Termotim vam zagotavljamo celovite re\u0161itve za ustvarjanje prijetnega, zdravega in energetsko u\u010dinkovitega bivalnega okolja. S strokovnim znanjem, izku\u0161njami in kakovostnimi materiali poskrbimo ta pravilno na\u010drtovanje, monta\u017eo in vzdr\u017eevanje klimatskih naprav in toplotnih \u010drpalk.  <\/strong><\/p>\n\n\n<div class=\"wp-block-image is-style-rounded\">\n<figure data-wp-context=\"{&quot;imageId&quot;:&quot;69e23f7d25c00&quot;}\" data-wp-interactive=\"core\/image\" data-wp-key=\"69e23f7d25c00\" class=\"alignleft size-large is-resized wp-lightbox-container\"><img fetchpriority=\"high\" decoding=\"async\" width=\"768\" height=\"1024\" data-wp-class--hide=\"state.isContentHidden\" data-wp-class--show=\"state.isContentVisible\" data-wp-init=\"callbacks.setButtonStyles\" data-wp-on--click=\"actions.showLightbox\" data-wp-on--load=\"callbacks.setButtonStyles\" data-wp-on-window--resize=\"callbacks.setButtonStyles\" src=\"https:\/\/termotim.si\/wp-content\/uploads\/2026\/04\/IMG_20210929_125227-768x1024.jpg\" alt=\"\" class=\"wp-image-600\" style=\"aspect-ratio:0.7500152989413132;width:326px;height:auto\" srcset=\"https:\/\/termotim.si\/wp-content\/uploads\/2026\/04\/IMG_20210929_125227-768x1024.jpg 768w, https:\/\/termotim.si\/wp-content\/uploads\/2026\/04\/IMG_20210929_125227-225x300.jpg 225w, https:\/\/termotim.si\/wp-content\/uploads\/2026\/04\/IMG_20210929_125227-1152x1536.jpg 1152w, https:\/\/termotim.si\/wp-content\/uploads\/2026\/04\/IMG_20210929_125227-1536x2048.jpg 1536w, https:\/\/termotim.si\/wp-content\/uploads\/2026\/04\/IMG_20210929_125227-scaled.jpg 1920w\" sizes=\"(max-width: 768px) 100vw, 768px\" \/><button\n\t\t\tclass=\"lightbox-trigger\"\n\t\t\ttype=\"button\"\n\t\t\taria-haspopup=\"dialog\"\n\t\t\taria-label=\"Pove\u010daj\"\n\t\t\tdata-wp-init=\"callbacks.initTriggerButton\"\n\t\t\tdata-wp-on--click=\"actions.showLightbox\"\n\t\t\tdata-wp-style--right=\"state.imageButtonRight\"\n\t\t\tdata-wp-style--top=\"state.imageButtonTop\"\n\t\t>\n\t\t\t<svg xmlns=\"http:\/\/www.w3.org\/2000\/svg\" width=\"12\" height=\"12\" fill=\"none\" viewBox=\"0 0 12 12\">\n\t\t\t\t<path fill=\"#fff\" d=\"M2 0a2 2 0 0 0-2 2v2h1.5V2a.5.5 0 0 1 .5-.5h2V0H2Zm2 10.5H2a.5.5 0 0 1-.5-.5V8H0v2a2 2 0 0 0 2 2h2v-1.5ZM8 12v-1.5h2a.5.5 0 0 0 .5-.5V8H12v2a2 2 0 0 1-2 2H8Zm2-12a2 2 0 0 1 2 2v2h-1.5V2a.5.5 0 0 0-.5-.5H8V0h2Z\" \/>\n\t\t\t<\/svg>\n\t\t<\/button><\/figure>\n<\/div>\n\n\n<p><\/p>\n\n\n\n<p><\/p>\n\n\n\n<p class=\"has-text-align-left\"><strong>Ne glede na to, ali potrebujete zanesljivo hlajenje, u\u010dinkovito ogrevanje ali popolno kombinacijo obojega, vam nudimo re\u0161itev, ki je prilagojena va\u0161emu domu, prostoru in porabi energije. Na\u0161a ekipa poskrbi, da vsak sistem deluje optimalno, tiho in var\u010dno \u2013 skozi vse leto in vse letne \u010dase<\/strong><\/p>\n\n\n\n<p><\/p>\n\n\n\n<p><\/p>\n\n\n\n<p><\/p>\n\n\n\n<p><strong>KLIMATSKE NAPRAVE<\/strong><\/p>\n\n\n\n<p><strong>Zagotavljamo strokovno izvedbo, pravilno dimenzioniranje naprave in optimalno delovanje v vseh letnih \u010dasih.<\/strong> <\/p>\n\n\n\n<p><\/p>\n\n\n\n<p class=\"has-text-align-left\"><strong>Nudimo:<\/strong><\/p>\n\n\n<div class=\"wp-block-image is-style-rounded\">\n<figure data-wp-context=\"{&quot;imageId&quot;:&quot;69e23f7d262fa&quot;}\" data-wp-interactive=\"core\/image\" data-wp-key=\"69e23f7d262fa\" class=\"alignright size-large is-resized wp-lightbox-container\"><img decoding=\"async\" width=\"1024\" height=\"768\" data-wp-class--hide=\"state.isContentHidden\" data-wp-class--show=\"state.isContentVisible\" data-wp-init=\"callbacks.setButtonStyles\" data-wp-on--click=\"actions.showLightbox\" data-wp-on--load=\"callbacks.setButtonStyles\" data-wp-on-window--resize=\"callbacks.setButtonStyles\" src=\"https:\/\/termotim.si\/wp-content\/uploads\/2026\/04\/IMG-bedb6e96580157c31af0aff0cdb6b8a8-V-1024x768.jpg\" alt=\"\" class=\"wp-image-601\" style=\"width:448px;height:auto\" srcset=\"https:\/\/termotim.si\/wp-content\/uploads\/2026\/04\/IMG-bedb6e96580157c31af0aff0cdb6b8a8-V-1024x768.jpg 1024w, https:\/\/termotim.si\/wp-content\/uploads\/2026\/04\/IMG-bedb6e96580157c31af0aff0cdb6b8a8-V-300x225.jpg 300w, https:\/\/termotim.si\/wp-content\/uploads\/2026\/04\/IMG-bedb6e96580157c31af0aff0cdb6b8a8-V-768x576.jpg 768w, https:\/\/termotim.si\/wp-content\/uploads\/2026\/04\/IMG-bedb6e96580157c31af0aff0cdb6b8a8-V-1536x1152.jpg 1536w, https:\/\/termotim.si\/wp-content\/uploads\/2026\/04\/IMG-bedb6e96580157c31af0aff0cdb6b8a8-V.jpg 1600w\" sizes=\"(max-width: 1024px) 100vw, 1024px\" \/><button\n\t\t\tclass=\"lightbox-trigger\"\n\t\t\ttype=\"button\"\n\t\t\taria-haspopup=\"dialog\"\n\t\t\taria-label=\"Pove\u010daj\"\n\t\t\tdata-wp-init=\"callbacks.initTriggerButton\"\n\t\t\tdata-wp-on--click=\"actions.showLightbox\"\n\t\t\tdata-wp-style--right=\"state.imageButtonRight\"\n\t\t\tdata-wp-style--top=\"state.imageButtonTop\"\n\t\t>\n\t\t\t<svg xmlns=\"http:\/\/www.w3.org\/2000\/svg\" width=\"12\" height=\"12\" fill=\"none\" viewBox=\"0 0 12 12\">\n\t\t\t\t<path fill=\"#fff\" d=\"M2 0a2 2 0 0 0-2 2v2h1.5V2a.5.5 0 0 1 .5-.5h2V0H2Zm2 10.5H2a.5.5 0 0 1-.5-.5V8H0v2a2 2 0 0 0 2 2h2v-1.5ZM8 12v-1.5h2a.5.5 0 0 0 .5-.5V8H12v2a2 2 0 0 1-2 2H8Zm2-12a2 2 0 0 1 2 2v2h-1.5V2a.5.5 0 0 0-.5-.5H8V0h2Z\" \/>\n\t\t\t<\/svg>\n\t\t<\/button><\/figure>\n<\/div>\n\n\n<ul class=\"wp-block-list\">\n<li><strong>svetovanje pri izbiri ustrezne klimatske naprave<\/strong><\/li>\n\n\n\n<li><strong>dobavo klimatske naprave<\/strong><\/li>\n\n\n\n<li><strong>monta\u017eo zunanje in notranje enote<\/strong><\/li>\n\n\n\n<li><strong>polaganje in\u0161talacij in kondenzirnih cevi<\/strong><\/li>\n\n\n\n<li><strong>\u010di\u0161\u010denje naprave<\/strong><\/li>\n\n\n\n<li><strong>odpravo napak, zamenjavo komponent in servis<\/strong><\/li>\n<\/ul>\n\n\n\n<p><\/p>\n\n\n\n<p><strong>TOPLOTNE \u010cRPALKE<\/strong><\/p>\n\n\n\n<p><strong>Toplotne \u010drpalke so ena naju\u010dinkovitej\u0161ih in najbolj var\u010dnih re\u0161itev za ogrevanje. <\/strong><\/p>\n\n\n\n<p><strong>Nudimo:<\/strong><\/p>\n\n\n\n<ul class=\"wp-block-list\">\n<li><strong>svetovanje pri izbiri toplotne \u010drpalke<\/strong> <strong>(zrak-voda, voda-voda, zemlja-voda)<\/strong><\/li>\n\n\n\n<li><strong>dobavo toplotne \u010drpalke<\/strong><\/li>\n\n\n\n<li><strong>izvedbo kompletnega ogrevalnega sistema<\/strong><\/li>\n\n\n\n<li><strong>priklop na obstoje\u010de ogrevanje<\/strong><\/li>\n\n\n\n<li><strong> zagonski pregled toplotne \u010drpalke in nastavitev regulacije<\/strong><\/li>\n\n\n\n<li><strong>vzdr\u017eevanje<\/strong><\/li>\n<\/ul>\n\n\n<div class=\"wp-block-image is-style-rounded\">\n<figure data-wp-context=\"{&quot;imageId&quot;:&quot;69e23f7d269e1&quot;}\" data-wp-interactive=\"core\/image\" data-wp-key=\"69e23f7d269e1\" class=\"aligncenter size-large is-resized wp-lightbox-container\"><img decoding=\"async\" width=\"696\" height=\"1024\" data-wp-class--hide=\"state.isContentHidden\" data-wp-class--show=\"state.isContentVisible\" data-wp-init=\"callbacks.setButtonStyles\" data-wp-on--click=\"actions.showLightbox\" data-wp-on--load=\"callbacks.setButtonStyles\" data-wp-on-window--resize=\"callbacks.setButtonStyles\" src=\"https:\/\/termotim.si\/wp-content\/uploads\/2026\/04\/1656390202336-1-696x1024.jpg\" alt=\"\" class=\"wp-image-603\" style=\"aspect-ratio:0.6797024089387947;width:436px;height:auto\" srcset=\"https:\/\/termotim.si\/wp-content\/uploads\/2026\/04\/1656390202336-1-696x1024.jpg 696w, https:\/\/termotim.si\/wp-content\/uploads\/2026\/04\/1656390202336-1-204x300.jpg 204w, https:\/\/termotim.si\/wp-content\/uploads\/2026\/04\/1656390202336-1-768x1130.jpg 768w, https:\/\/termotim.si\/wp-content\/uploads\/2026\/04\/1656390202336-1-1044x1536.jpg 1044w, https:\/\/termotim.si\/wp-content\/uploads\/2026\/04\/1656390202336-1-1391x2048.jpg 1391w, https:\/\/termotim.si\/wp-content\/uploads\/2026\/04\/1656390202336-1.jpg 1532w\" sizes=\"(max-width: 696px) 100vw, 696px\" \/><button\n\t\t\tclass=\"lightbox-trigger\"\n\t\t\ttype=\"button\"\n\t\t\taria-haspopup=\"dialog\"\n\t\t\taria-label=\"Pove\u010daj\"\n\t\t\tdata-wp-init=\"callbacks.initTriggerButton\"\n\t\t\tdata-wp-on--click=\"actions.showLightbox\"\n\t\t\tdata-wp-style--right=\"state.imageButtonRight\"\n\t\t\tdata-wp-style--top=\"state.imageButtonTop\"\n\t\t>\n\t\t\t<svg xmlns=\"http:\/\/www.w3.org\/2000\/svg\" width=\"12\" height=\"12\" fill=\"none\" viewBox=\"0 0 12 12\">\n\t\t\t\t<path fill=\"#fff\" d=\"M2 0a2 2 0 0 0-2 2v2h1.5V2a.5.5 0 0 1 .5-.5h2V0H2Zm2 10.5H2a.5.5 0 0 1-.5-.5V8H0v2a2 2 0 0 0 2 2h2v-1.5ZM8 12v-1.5h2a.5.5 0 0 0 .5-.5V8H12v2a2 2 0 0 1-2 2H8Zm2-12a2 2 0 0 1 2 2v2h-1.5V2a.5.5 0 0 0-.5-.5H8V0h2Z\" \/>\n\t\t\t<\/svg>\n\t\t<\/button><\/figure>\n<\/div>","protected":false},"excerpt":{"rendered":"<p>V Termotim vam zagotavljamo celovite re\u0161itve za ustvarjanje prijetnega, zdravega in energetsko u\u010dinkovitega bivalnega okolja. S strokovnim znanjem, izku\u0161njami in kakovostnimi materiali poskrbimo ta pravilno na\u010drtovanje, monta\u017eo in vzdr\u017eevanje klimatskih naprav in toplotnih \u010drpalk. Ne glede na to, ali potrebujete zanesljivo hlajenje, u\u010dinkovito ogrevanje ali popolno kombinacijo obojega, vam nudimo re\u0161itev, ki je prilagojena va\u0161emu&hellip;&nbsp;<\/p>\n","protected":false},"author":1,"featured_media":0,"parent":0,"menu_order":0,"comment_status":"closed","ping_status":"closed","template":"","meta":{"neve_meta_sidebar":"","neve_meta_container":"","neve_meta_enable_content_width":"","neve_meta_content_width":0,"neve_meta_title_alignment":"","neve_meta_author_avatar":"","neve_post_elements_order":"","neve_meta_disable_header":"","neve_meta_disable_footer":"","neve_meta_disable_title":"","footnotes":""},"class_list":["post-43","page","type-page","status-publish","hentry"],"_links":{"self":[{"href":"https:\/\/termotim.si\/index.php\/wp-json\/wp\/v2\/pages\/43","targetHints":{"allow":["GET"]}}],"collection":[{"href":"https:\/\/termotim.si\/index.php\/wp-json\/wp\/v2\/pages"}],"about":[{"href":"https:\/\/termotim.si\/index.php\/wp-json\/wp\/v2\/types\/page"}],"author":[{"embeddable":true,"href":"https:\/\/termotim.si\/index.php\/wp-json\/wp\/v2\/users\/1"}],"replies":[{"embeddable":true,"href":"https:\/\/termotim.si\/index.php\/wp-json\/wp\/v2\/comments?post=43"}],"version-history":[{"count":7,"href":"https:\/\/termotim.si\/index.php\/wp-json\/wp\/v2\/pages\/43\/revisions"}],"predecessor-version":[{"id":665,"href":"https:\/\/termotim.si\/index.php\/wp-json\/wp\/v2\/pages\/43\/revisions\/665"}],"wp:attachment":[{"href":"https:\/\/termotim.si\/index.php\/wp-json\/wp\/v2\/media?parent=43"}],"curies":[{"name":"wp","href":"https:\/\/api.w.org\/{rel}","templated":true}]}}