{"id":42,"date":"2026-03-24T12:01:56","date_gmt":"2026-03-24T12:01:56","guid":{"rendered":"https:\/\/termotim.si\/?page_id=42"},"modified":"2026-04-02T13:02:29","modified_gmt":"2026-04-02T13:02:29","slug":"ogrevanje","status":"publish","type":"page","link":"https:\/\/termotim.si\/index.php\/ogrevanje\/","title":{"rendered":"Ogrevanje"},"content":{"rendered":"\n<p><strong>V Termotim izvajamo kompletne ogrevalne sistema za stanovanjske in poslovne objekte. Poskrbimo za novogradnje, adaptacije ter zamenjave obstoje\u010dih sistemov ogrevanja. Pri delu uporabljamo kakovostne materiale in poskrbimo, da je ogrevanje u\u010dinkovito, var\u010dno in prilagojeno va\u0161im potrebam. <\/strong><\/p>\n\n\n<div class=\"wp-block-image is-style-rounded\">\n<figure data-wp-context=\"{&quot;imageId&quot;:&quot;69e23f7d2532d&quot;}\" data-wp-interactive=\"core\/image\" data-wp-key=\"69e23f7d2532d\" class=\"alignright size-large is-resized wp-lightbox-container\"><img fetchpriority=\"high\" decoding=\"async\" width=\"768\" height=\"1024\" data-wp-class--hide=\"state.isContentHidden\" data-wp-class--show=\"state.isContentVisible\" data-wp-init=\"callbacks.setButtonStyles\" data-wp-on--click=\"actions.showLightbox\" data-wp-on--load=\"callbacks.setButtonStyles\" data-wp-on-window--resize=\"callbacks.setButtonStyles\" src=\"https:\/\/termotim.si\/wp-content\/uploads\/2026\/04\/IMG_20240510_093633-768x1024.jpg\" alt=\"\" class=\"wp-image-590\" style=\"aspect-ratio:0.7500085414602481;width:348px;height:auto\" srcset=\"https:\/\/termotim.si\/wp-content\/uploads\/2026\/04\/IMG_20240510_093633-768x1024.jpg 768w, https:\/\/termotim.si\/wp-content\/uploads\/2026\/04\/IMG_20240510_093633-225x300.jpg 225w, https:\/\/termotim.si\/wp-content\/uploads\/2026\/04\/IMG_20240510_093633-1152x1536.jpg 1152w, https:\/\/termotim.si\/wp-content\/uploads\/2026\/04\/IMG_20240510_093633-1536x2048.jpg 1536w, https:\/\/termotim.si\/wp-content\/uploads\/2026\/04\/IMG_20240510_093633-scaled.jpg 1920w\" sizes=\"(max-width: 768px) 100vw, 768px\" \/><button\n\t\t\tclass=\"lightbox-trigger\"\n\t\t\ttype=\"button\"\n\t\t\taria-haspopup=\"dialog\"\n\t\t\taria-label=\"Pove\u010daj\"\n\t\t\tdata-wp-init=\"callbacks.initTriggerButton\"\n\t\t\tdata-wp-on--click=\"actions.showLightbox\"\n\t\t\tdata-wp-style--right=\"state.imageButtonRight\"\n\t\t\tdata-wp-style--top=\"state.imageButtonTop\"\n\t\t>\n\t\t\t<svg xmlns=\"http:\/\/www.w3.org\/2000\/svg\" width=\"12\" height=\"12\" fill=\"none\" viewBox=\"0 0 12 12\">\n\t\t\t\t<path fill=\"#fff\" d=\"M2 0a2 2 0 0 0-2 2v2h1.5V2a.5.5 0 0 1 .5-.5h2V0H2Zm2 10.5H2a.5.5 0 0 1-.5-.5V8H0v2a2 2 0 0 0 2 2h2v-1.5ZM8 12v-1.5h2a.5.5 0 0 0 .5-.5V8H12v2a2 2 0 0 1-2 2H8Zm2-12a2 2 0 0 1 2 2v2h-1.5V2a.5.5 0 0 0-.5-.5H8V0h2Z\" \/>\n\t\t\t<\/svg>\n\t\t<\/button><\/figure>\n<\/div>\n\n\n<p><strong>Nudimo: <\/strong><\/p>\n\n\n\n<ul class=\"wp-block-list\">\n<li><strong>vgradnjo novih ogrevalnih sistemov<\/strong><\/li>\n\n\n\n<li><strong>zamenjavo ali posodobitev obstoje\u010dega ogrevanja<\/strong><\/li>\n\n\n\n<li><strong>talno, stensko, stropno in radiatorsko ogrevanje<\/strong><\/li>\n\n\n\n<li><strong>priklop pe\u010di, toplotnih \u010drpalk in zalogovnikov<\/strong><\/li>\n\n\n\n<li><strong>optimizacijo in regulacijo ogrevanja<\/strong><\/li>\n\n\n\n<li><strong>vzdr\u017eevanje in servis<\/strong><\/li>\n<\/ul>\n\n\n\n<p><\/p>\n\n\n\n<p><strong>Vsako stranko individualno vodimo skozi celoten proces \u2013 od svetovanja do izbire sistema, do kon\u010dne izvedbe. <\/strong><\/p>\n\n\n\n<p><strong>VRSTE OGREVANJA<\/strong><\/p>\n\n\n\n<div class=\"wp-block-columns is-layout-flex wp-container-core-columns-is-layout-9d6595d7 wp-block-columns-is-layout-flex\">\n<div class=\"wp-block-column is-layout-flow wp-block-column-is-layout-flow\" style=\"flex-basis:100%\">\n<ul class=\"wp-block-list\">\n<li><strong>radiatorsko centralno ogrevanje<\/strong><\/li>\n\n\n\n<li><strong>talno ogrevanje<\/strong><\/li>\n\n\n\n<li><strong>stensko ogrevanje<\/strong><\/li>\n\n\n\n<li><strong>stropno ogrevanje<\/strong><\/li>\n<\/ul>\n\n\n\n<figure class=\"wp-block-gallery has-nested-images columns-default is-cropped wp-block-gallery-1 is-layout-flex wp-block-gallery-is-layout-flex\">\n<figure data-wp-context=\"{&quot;imageId&quot;:&quot;69e23f7d25aaa&quot;}\" data-wp-interactive=\"core\/image\" data-wp-key=\"69e23f7d25aaa\" class=\"wp-block-image size-large is-style-rounded wp-lightbox-container\"><img decoding=\"async\" width=\"924\" height=\"840\" data-wp-class--hide=\"state.isContentHidden\" data-wp-class--show=\"state.isContentVisible\" data-wp-init=\"callbacks.setButtonStyles\" data-wp-on--click=\"actions.showLightbox\" data-wp-on--load=\"callbacks.setButtonStyles\" data-wp-on-window--resize=\"callbacks.setButtonStyles\" data-id=\"656\" src=\"https:\/\/termotim.si\/wp-content\/uploads\/2026\/04\/0-02-05-52e3d10ca08b5dfb78a77d442c76757db16a530dd88af009c1dbfdbc0e7748a9_cb9352bb8eff1e9f-1.jpg\" alt=\"\" class=\"wp-image-656\" srcset=\"https:\/\/termotim.si\/wp-content\/uploads\/2026\/04\/0-02-05-52e3d10ca08b5dfb78a77d442c76757db16a530dd88af009c1dbfdbc0e7748a9_cb9352bb8eff1e9f-1.jpg 924w, https:\/\/termotim.si\/wp-content\/uploads\/2026\/04\/0-02-05-52e3d10ca08b5dfb78a77d442c76757db16a530dd88af009c1dbfdbc0e7748a9_cb9352bb8eff1e9f-1-300x273.jpg 300w, https:\/\/termotim.si\/wp-content\/uploads\/2026\/04\/0-02-05-52e3d10ca08b5dfb78a77d442c76757db16a530dd88af009c1dbfdbc0e7748a9_cb9352bb8eff1e9f-1-768x698.jpg 768w\" sizes=\"(max-width: 924px) 100vw, 924px\" \/><button\n\t\t\tclass=\"lightbox-trigger\"\n\t\t\ttype=\"button\"\n\t\t\taria-haspopup=\"dialog\"\n\t\t\taria-label=\"Pove\u010daj\"\n\t\t\tdata-wp-init=\"callbacks.initTriggerButton\"\n\t\t\tdata-wp-on--click=\"actions.showLightbox\"\n\t\t\tdata-wp-style--right=\"state.imageButtonRight\"\n\t\t\tdata-wp-style--top=\"state.imageButtonTop\"\n\t\t>\n\t\t\t<svg xmlns=\"http:\/\/www.w3.org\/2000\/svg\" width=\"12\" height=\"12\" fill=\"none\" viewBox=\"0 0 12 12\">\n\t\t\t\t<path fill=\"#fff\" d=\"M2 0a2 2 0 0 0-2 2v2h1.5V2a.5.5 0 0 1 .5-.5h2V0H2Zm2 10.5H2a.5.5 0 0 1-.5-.5V8H0v2a2 2 0 0 0 2 2h2v-1.5ZM8 12v-1.5h2a.5.5 0 0 0 .5-.5V8H12v2a2 2 0 0 1-2 2H8Zm2-12a2 2 0 0 1 2 2v2h-1.5V2a.5.5 0 0 0-.5-.5H8V0h2Z\" \/>\n\t\t\t<\/svg>\n\t\t<\/button><\/figure>\n\n\n\n<figure data-wp-context=\"{&quot;imageId&quot;:&quot;69e23f7d25fa1&quot;}\" data-wp-interactive=\"core\/image\" data-wp-key=\"69e23f7d25fa1\" class=\"wp-block-image size-large is-style-rounded wp-lightbox-container\"><img decoding=\"async\" width=\"769\" height=\"1024\" data-wp-class--hide=\"state.isContentHidden\" data-wp-class--show=\"state.isContentVisible\" data-wp-init=\"callbacks.setButtonStyles\" data-wp-on--click=\"actions.showLightbox\" data-wp-on--load=\"callbacks.setButtonStyles\" data-wp-on-window--resize=\"callbacks.setButtonStyles\" data-id=\"658\" src=\"https:\/\/termotim.si\/wp-content\/uploads\/2026\/04\/IMG_20230908_113310-1-769x1024.jpg\" alt=\"\" class=\"wp-image-658\" srcset=\"https:\/\/termotim.si\/wp-content\/uploads\/2026\/04\/IMG_20230908_113310-1-769x1024.jpg 769w, https:\/\/termotim.si\/wp-content\/uploads\/2026\/04\/IMG_20230908_113310-1-225x300.jpg 225w, https:\/\/termotim.si\/wp-content\/uploads\/2026\/04\/IMG_20230908_113310-1-768x1023.jpg 768w, https:\/\/termotim.si\/wp-content\/uploads\/2026\/04\/IMG_20230908_113310-1-1153x1536.jpg 1153w, https:\/\/termotim.si\/wp-content\/uploads\/2026\/04\/IMG_20230908_113310-1-1538x2048.jpg 1538w, https:\/\/termotim.si\/wp-content\/uploads\/2026\/04\/IMG_20230908_113310-1-scaled.jpg 1922w\" sizes=\"(max-width: 769px) 100vw, 769px\" \/><button\n\t\t\tclass=\"lightbox-trigger\"\n\t\t\ttype=\"button\"\n\t\t\taria-haspopup=\"dialog\"\n\t\t\taria-label=\"Pove\u010daj\"\n\t\t\tdata-wp-init=\"callbacks.initTriggerButton\"\n\t\t\tdata-wp-on--click=\"actions.showLightbox\"\n\t\t\tdata-wp-style--right=\"state.imageButtonRight\"\n\t\t\tdata-wp-style--top=\"state.imageButtonTop\"\n\t\t>\n\t\t\t<svg xmlns=\"http:\/\/www.w3.org\/2000\/svg\" width=\"12\" height=\"12\" fill=\"none\" viewBox=\"0 0 12 12\">\n\t\t\t\t<path fill=\"#fff\" d=\"M2 0a2 2 0 0 0-2 2v2h1.5V2a.5.5 0 0 1 .5-.5h2V0H2Zm2 10.5H2a.5.5 0 0 1-.5-.5V8H0v2a2 2 0 0 0 2 2h2v-1.5ZM8 12v-1.5h2a.5.5 0 0 0 .5-.5V8H12v2a2 2 0 0 1-2 2H8Zm2-12a2 2 0 0 1 2 2v2h-1.5V2a.5.5 0 0 0-.5-.5H8V0h2Z\" \/>\n\t\t\t<\/svg>\n\t\t<\/button><\/figure>\n\n\n\n<figure data-wp-context=\"{&quot;imageId&quot;:&quot;69e23f7d26496&quot;}\" data-wp-interactive=\"core\/image\" data-wp-key=\"69e23f7d26496\" class=\"wp-block-image size-large is-style-rounded wp-lightbox-container\"><img loading=\"lazy\" decoding=\"async\" width=\"768\" height=\"1024\" data-wp-class--hide=\"state.isContentHidden\" data-wp-class--show=\"state.isContentVisible\" data-wp-init=\"callbacks.setButtonStyles\" data-wp-on--click=\"actions.showLightbox\" data-wp-on--load=\"callbacks.setButtonStyles\" data-wp-on-window--resize=\"callbacks.setButtonStyles\" data-id=\"657\" src=\"https:\/\/termotim.si\/wp-content\/uploads\/2026\/04\/IMG-566e4939e36586c76fea1d1cf7995fcb-V-768x1024.jpg\" alt=\"\" class=\"wp-image-657\" srcset=\"https:\/\/termotim.si\/wp-content\/uploads\/2026\/04\/IMG-566e4939e36586c76fea1d1cf7995fcb-V-768x1024.jpg 768w, https:\/\/termotim.si\/wp-content\/uploads\/2026\/04\/IMG-566e4939e36586c76fea1d1cf7995fcb-V-225x300.jpg 225w, https:\/\/termotim.si\/wp-content\/uploads\/2026\/04\/IMG-566e4939e36586c76fea1d1cf7995fcb-V-1152x1536.jpg 1152w, https:\/\/termotim.si\/wp-content\/uploads\/2026\/04\/IMG-566e4939e36586c76fea1d1cf7995fcb-V.jpg 1200w\" sizes=\"(max-width: 768px) 100vw, 768px\" \/><button\n\t\t\tclass=\"lightbox-trigger\"\n\t\t\ttype=\"button\"\n\t\t\taria-haspopup=\"dialog\"\n\t\t\taria-label=\"Pove\u010daj\"\n\t\t\tdata-wp-init=\"callbacks.initTriggerButton\"\n\t\t\tdata-wp-on--click=\"actions.showLightbox\"\n\t\t\tdata-wp-style--right=\"state.imageButtonRight\"\n\t\t\tdata-wp-style--top=\"state.imageButtonTop\"\n\t\t>\n\t\t\t<svg xmlns=\"http:\/\/www.w3.org\/2000\/svg\" width=\"12\" height=\"12\" fill=\"none\" viewBox=\"0 0 12 12\">\n\t\t\t\t<path fill=\"#fff\" d=\"M2 0a2 2 0 0 0-2 2v2h1.5V2a.5.5 0 0 1 .5-.5h2V0H2Zm2 10.5H2a.5.5 0 0 1-.5-.5V8H0v2a2 2 0 0 0 2 2h2v-1.5ZM8 12v-1.5h2a.5.5 0 0 0 .5-.5V8H12v2a2 2 0 0 1-2 2H8Zm2-12a2 2 0 0 1 2 2v2h-1.5V2a.5.5 0 0 0-.5-.5H8V0h2Z\" \/>\n\t\t\t<\/svg>\n\t\t<\/button><\/figure>\n<\/figure>\n<\/div>\n<\/div>\n","protected":false},"excerpt":{"rendered":"<p>V Termotim izvajamo kompletne ogrevalne sistema za stanovanjske in poslovne objekte. Poskrbimo za novogradnje, adaptacije ter zamenjave obstoje\u010dih sistemov ogrevanja. Pri delu uporabljamo kakovostne materiale in poskrbimo, da je ogrevanje u\u010dinkovito, var\u010dno in prilagojeno va\u0161im potrebam. Nudimo: Vsako stranko individualno vodimo skozi celoten proces \u2013 od svetovanja do izbire sistema, do kon\u010dne izvedbe. VRSTE OGREVANJA<\/p>\n","protected":false},"author":1,"featured_media":0,"parent":0,"menu_order":0,"comment_status":"closed","ping_status":"closed","template":"","meta":{"neve_meta_sidebar":"","neve_meta_container":"","neve_meta_enable_content_width":"","neve_meta_content_width":0,"neve_meta_title_alignment":"","neve_meta_author_avatar":"","neve_post_elements_order":"","neve_meta_disable_header":"","neve_meta_disable_footer":"","neve_meta_disable_title":"","footnotes":""},"class_list":["post-42","page","type-page","status-publish","hentry"],"_links":{"self":[{"href":"https:\/\/termotim.si\/index.php\/wp-json\/wp\/v2\/pages\/42","targetHints":{"allow":["GET"]}}],"collection":[{"href":"https:\/\/termotim.si\/index.php\/wp-json\/wp\/v2\/pages"}],"about":[{"href":"https:\/\/termotim.si\/index.php\/wp-json\/wp\/v2\/types\/page"}],"author":[{"embeddable":true,"href":"https:\/\/termotim.si\/index.php\/wp-json\/wp\/v2\/users\/1"}],"replies":[{"embeddable":true,"href":"https:\/\/termotim.si\/index.php\/wp-json\/wp\/v2\/comments?post=42"}],"version-history":[{"count":8,"href":"https:\/\/termotim.si\/index.php\/wp-json\/wp\/v2\/pages\/42\/revisions"}],"predecessor-version":[{"id":660,"href":"https:\/\/termotim.si\/index.php\/wp-json\/wp\/v2\/pages\/42\/revisions\/660"}],"wp:attachment":[{"href":"https:\/\/termotim.si\/index.php\/wp-json\/wp\/v2\/media?parent=42"}],"curies":[{"name":"wp","href":"https:\/\/api.w.org\/{rel}","templated":true}]}}