{"id":40,"date":"2026-03-24T12:01:56","date_gmt":"2026-03-24T12:01:56","guid":{"rendered":"https:\/\/termotim.si\/?page_id=40"},"modified":"2026-04-02T14:08:28","modified_gmt":"2026-04-02T14:08:28","slug":"vodovodne-instalacije","status":"publish","type":"page","link":"https:\/\/termotim.si\/index.php\/vodovodne-instalacije\/","title":{"rendered":"Vodovodne in\u0161talacije"},"content":{"rendered":"\n<p><strong>V Termotim izvajamo celotne vodovodne in kanalizacijske in\u0161talacije za novogradnje, prenove, stanovanjske hi\u0161e, stanovanja in poslovne objekte.<\/strong><\/p>\n\n\n\n<p><strong>Na\u0161a prednost je natan\u010dna izvedba, kakovostni materiali in zanesljivo delovanje sistema, ki je klju\u010dnega pomena za udobje in varnost vsakega doma.<\/strong><\/p>\n\n\n\n<p><strong>Vodovodne in\u0161talacije so zelo pomemben element za celostno funkcionalnost objekta, zato morajo biti izvedene maksimalno profesionalno in zanesljivo. Pred za\u010detkom dela je potrebno izdelati ustrezen in dobro zasnovan na\u010drt razporeditve vodov in dolo\u010diti primerne razdalje.<\/strong><\/p>\n\n\n\n<p class=\"has-text-align-center\"><strong>VODOVOD<\/strong><\/p>\n\n\n\n<p><strong>Poskrbimo za vse vrste vodovodnih napeljav \u2013 od priklopa na glavni vodovodni sistem so razvodov po celotnem objektu. Pri delu uporabljamo preverjene materiale, ki zagotavljajo dolgo \u017eivljenjsko dobo in brezhibno delovanje<\/strong><\/p>\n\n\n<div class=\"wp-block-image is-style-rounded\">\n<figure data-wp-context=\"{&quot;imageId&quot;:&quot;69e23f88705fa&quot;}\" data-wp-interactive=\"core\/image\" data-wp-key=\"69e23f88705fa\" class=\"alignright size-large is-resized wp-lightbox-container\"><img fetchpriority=\"high\" decoding=\"async\" width=\"721\" height=\"1080\" data-wp-class--hide=\"state.isContentHidden\" data-wp-class--show=\"state.isContentVisible\" data-wp-init=\"callbacks.setButtonStyles\" data-wp-on--click=\"actions.showLightbox\" data-wp-on--load=\"callbacks.setButtonStyles\" data-wp-on-window--resize=\"callbacks.setButtonStyles\" src=\"https:\/\/termotim.si\/wp-content\/uploads\/2026\/03\/IMG-4509e8422a5ce32d3dffb86e91c7caae-V-edited.jpg\" alt=\"\" class=\"wp-image-457\" style=\"aspect-ratio:0.6676099320294077;width:323px;height:auto\" srcset=\"https:\/\/termotim.si\/wp-content\/uploads\/2026\/03\/IMG-4509e8422a5ce32d3dffb86e91c7caae-V-edited.jpg 721w, https:\/\/termotim.si\/wp-content\/uploads\/2026\/03\/IMG-4509e8422a5ce32d3dffb86e91c7caae-V-edited-200x300.jpg 200w, https:\/\/termotim.si\/wp-content\/uploads\/2026\/03\/IMG-4509e8422a5ce32d3dffb86e91c7caae-V-edited-684x1024.jpg 684w\" sizes=\"(max-width: 721px) 100vw, 721px\" \/><button\n\t\t\tclass=\"lightbox-trigger\"\n\t\t\ttype=\"button\"\n\t\t\taria-haspopup=\"dialog\"\n\t\t\taria-label=\"Pove\u010daj\"\n\t\t\tdata-wp-init=\"callbacks.initTriggerButton\"\n\t\t\tdata-wp-on--click=\"actions.showLightbox\"\n\t\t\tdata-wp-style--right=\"state.imageButtonRight\"\n\t\t\tdata-wp-style--top=\"state.imageButtonTop\"\n\t\t>\n\t\t\t<svg xmlns=\"http:\/\/www.w3.org\/2000\/svg\" width=\"12\" height=\"12\" fill=\"none\" viewBox=\"0 0 12 12\">\n\t\t\t\t<path fill=\"#fff\" d=\"M2 0a2 2 0 0 0-2 2v2h1.5V2a.5.5 0 0 1 .5-.5h2V0H2Zm2 10.5H2a.5.5 0 0 1-.5-.5V8H0v2a2 2 0 0 0 2 2h2v-1.5ZM8 12v-1.5h2a.5.5 0 0 0 .5-.5V8H12v2a2 2 0 0 1-2 2H8Zm2-12a2 2 0 0 1 2 2v2h-1.5V2a.5.5 0 0 0-.5-.5H8V0h2Z\" \/>\n\t\t\t<\/svg>\n\t\t<\/button><\/figure>\n<\/div>\n\n\n<p><strong>Izvajamo:<\/strong><\/p>\n\n\n\n<ul class=\"wp-block-list\">\n<li><strong>monta\u017eo vodovodnih cevi in vseh priklju\u010dkov<\/strong><\/li>\n\n\n\n<li><strong>priklop sanitarnih elementov (umivalniki, armature, tu\u0161i, kadi)<\/strong><\/li>\n\n\n\n<li><strong>izvedbo vodovodnega sistema pri novogradnjah<\/strong><\/li>\n\n\n\n<li><strong>zamenjavo starih ali dotrajanih vodovodnih cevi<\/strong><\/li>\n\n\n\n<li><strong>odprava pu\u0161\u010danj in okvar<\/strong><\/li>\n\n\n\n<li><strong>svetovanje pri izbiri materialov in iskanju najbolj\u0161e re\u0161itve za va\u0161 objekt<\/strong><\/li>\n<\/ul>\n\n\n<div class=\"wp-block-image is-style-rounded\">\n<figure data-wp-context=\"{&quot;imageId&quot;:&quot;69e23f8870cc4&quot;}\" data-wp-interactive=\"core\/image\" data-wp-key=\"69e23f8870cc4\" class=\"aligncenter size-large is-resized wp-lightbox-container\"><img decoding=\"async\" width=\"768\" height=\"1024\" data-wp-class--hide=\"state.isContentHidden\" data-wp-class--show=\"state.isContentVisible\" data-wp-init=\"callbacks.setButtonStyles\" data-wp-on--click=\"actions.showLightbox\" data-wp-on--load=\"callbacks.setButtonStyles\" data-wp-on-window--resize=\"callbacks.setButtonStyles\" src=\"https:\/\/termotim.si\/wp-content\/uploads\/2026\/03\/IMG-0e71e127023f61b8f13582d8b8edacd1-V-768x1024.jpg\" alt=\"\" class=\"wp-image-459\" style=\"aspect-ratio:0.7500069097039883;width:304px;height:auto\" srcset=\"https:\/\/termotim.si\/wp-content\/uploads\/2026\/03\/IMG-0e71e127023f61b8f13582d8b8edacd1-V-768x1024.jpg 768w, https:\/\/termotim.si\/wp-content\/uploads\/2026\/03\/IMG-0e71e127023f61b8f13582d8b8edacd1-V-225x300.jpg 225w, https:\/\/termotim.si\/wp-content\/uploads\/2026\/03\/IMG-0e71e127023f61b8f13582d8b8edacd1-V-1152x1536.jpg 1152w, https:\/\/termotim.si\/wp-content\/uploads\/2026\/03\/IMG-0e71e127023f61b8f13582d8b8edacd1-V.jpg 1200w\" sizes=\"(max-width: 768px) 100vw, 768px\" \/><button\n\t\t\tclass=\"lightbox-trigger\"\n\t\t\ttype=\"button\"\n\t\t\taria-haspopup=\"dialog\"\n\t\t\taria-label=\"Pove\u010daj\"\n\t\t\tdata-wp-init=\"callbacks.initTriggerButton\"\n\t\t\tdata-wp-on--click=\"actions.showLightbox\"\n\t\t\tdata-wp-style--right=\"state.imageButtonRight\"\n\t\t\tdata-wp-style--top=\"state.imageButtonTop\"\n\t\t>\n\t\t\t<svg xmlns=\"http:\/\/www.w3.org\/2000\/svg\" width=\"12\" height=\"12\" fill=\"none\" viewBox=\"0 0 12 12\">\n\t\t\t\t<path fill=\"#fff\" d=\"M2 0a2 2 0 0 0-2 2v2h1.5V2a.5.5 0 0 1 .5-.5h2V0H2Zm2 10.5H2a.5.5 0 0 1-.5-.5V8H0v2a2 2 0 0 0 2 2h2v-1.5ZM8 12v-1.5h2a.5.5 0 0 0 .5-.5V8H12v2a2 2 0 0 1-2 2H8Zm2-12a2 2 0 0 1 2 2v2h-1.5V2a.5.5 0 0 0-.5-.5H8V0h2Z\" \/>\n\t\t\t<\/svg>\n\t\t<\/button><\/figure>\n<\/div>\n\n\n<p class=\"has-text-align-center\"><strong>KANALIZACIJA<\/strong><\/p>\n\n\n\n<p><strong>Poskrbimo za strokovno izvedbo notranje in zunanje kanalizacije. Kanalizacijski sistem izvedemo natan\u010dno in z vsemi tehni\u010dnimi standardi.<\/strong><\/p>\n\n\n\n<p><strong>Izvajamo:<\/strong><\/p>\n\n\n\n<ul class=\"wp-block-list\">\n<li><strong>izvedbo odto\u010dnih cevi in kanalizacijskih priklopov<\/strong><\/li>\n\n\n\n<li><strong>ureditev hi\u0161nega odtoka in povezave s komunalnim sistemom<\/strong><\/li>\n\n\n\n<li><strong>monta\u017eo sifonov, odtokov in talnih kanalov<\/strong><\/li>\n\n\n\n<li><strong>odma\u0161evanje in odpravo zama\u0161itev<\/strong><\/li>\n\n\n\n<li><strong>sanacijo dotrajanih kanalizacijskih cevi<\/strong><\/li>\n\n\n\n<li><strong>naklon, zvo\u010dno izolacijo in pravilno prezra\u010devanje kanalizacije<\/strong><\/li>\n<\/ul>\n\n\n\n<figure class=\"wp-block-gallery has-nested-images columns-default is-cropped wp-block-gallery-1 is-layout-flex wp-block-gallery-is-layout-flex\">\n<figure data-wp-context=\"{&quot;imageId&quot;:&quot;69e23f8871349&quot;}\" data-wp-interactive=\"core\/image\" data-wp-key=\"69e23f8871349\" class=\"wp-block-image size-large is-style-rounded wp-lightbox-container\"><img decoding=\"async\" width=\"768\" height=\"1024\" data-wp-class--hide=\"state.isContentHidden\" data-wp-class--show=\"state.isContentVisible\" data-wp-init=\"callbacks.setButtonStyles\" data-wp-on--click=\"actions.showLightbox\" data-wp-on--load=\"callbacks.setButtonStyles\" data-wp-on-window--resize=\"callbacks.setButtonStyles\" data-id=\"703\" src=\"https:\/\/termotim.si\/wp-content\/uploads\/2026\/04\/IMG_20230329_124000-768x1024.jpg\" alt=\"\" class=\"wp-image-703\" srcset=\"https:\/\/termotim.si\/wp-content\/uploads\/2026\/04\/IMG_20230329_124000-768x1024.jpg 768w, https:\/\/termotim.si\/wp-content\/uploads\/2026\/04\/IMG_20230329_124000-225x300.jpg 225w, https:\/\/termotim.si\/wp-content\/uploads\/2026\/04\/IMG_20230329_124000-1152x1536.jpg 1152w, https:\/\/termotim.si\/wp-content\/uploads\/2026\/04\/IMG_20230329_124000-1536x2048.jpg 1536w, https:\/\/termotim.si\/wp-content\/uploads\/2026\/04\/IMG_20230329_124000-scaled.jpg 1920w\" sizes=\"(max-width: 768px) 100vw, 768px\" \/><button\n\t\t\tclass=\"lightbox-trigger\"\n\t\t\ttype=\"button\"\n\t\t\taria-haspopup=\"dialog\"\n\t\t\taria-label=\"Pove\u010daj\"\n\t\t\tdata-wp-init=\"callbacks.initTriggerButton\"\n\t\t\tdata-wp-on--click=\"actions.showLightbox\"\n\t\t\tdata-wp-style--right=\"state.imageButtonRight\"\n\t\t\tdata-wp-style--top=\"state.imageButtonTop\"\n\t\t>\n\t\t\t<svg xmlns=\"http:\/\/www.w3.org\/2000\/svg\" width=\"12\" height=\"12\" fill=\"none\" viewBox=\"0 0 12 12\">\n\t\t\t\t<path fill=\"#fff\" d=\"M2 0a2 2 0 0 0-2 2v2h1.5V2a.5.5 0 0 1 .5-.5h2V0H2Zm2 10.5H2a.5.5 0 0 1-.5-.5V8H0v2a2 2 0 0 0 2 2h2v-1.5ZM8 12v-1.5h2a.5.5 0 0 0 .5-.5V8H12v2a2 2 0 0 1-2 2H8Zm2-12a2 2 0 0 1 2 2v2h-1.5V2a.5.5 0 0 0-.5-.5H8V0h2Z\" \/>\n\t\t\t<\/svg>\n\t\t<\/button><\/figure>\n\n\n\n<figure data-wp-context=\"{&quot;imageId&quot;:&quot;69e23f8871870&quot;}\" data-wp-interactive=\"core\/image\" data-wp-key=\"69e23f8871870\" class=\"wp-block-image size-large is-style-rounded wp-lightbox-container\"><img loading=\"lazy\" decoding=\"async\" width=\"768\" height=\"1024\" data-wp-class--hide=\"state.isContentHidden\" data-wp-class--show=\"state.isContentVisible\" data-wp-init=\"callbacks.setButtonStyles\" data-wp-on--click=\"actions.showLightbox\" data-wp-on--load=\"callbacks.setButtonStyles\" data-wp-on-window--resize=\"callbacks.setButtonStyles\" data-id=\"705\" src=\"https:\/\/termotim.si\/wp-content\/uploads\/2026\/04\/IMG_20230329_130446-768x1024.jpg\" alt=\"\" class=\"wp-image-705\" srcset=\"https:\/\/termotim.si\/wp-content\/uploads\/2026\/04\/IMG_20230329_130446-768x1024.jpg 768w, https:\/\/termotim.si\/wp-content\/uploads\/2026\/04\/IMG_20230329_130446-225x300.jpg 225w, https:\/\/termotim.si\/wp-content\/uploads\/2026\/04\/IMG_20230329_130446-1152x1536.jpg 1152w, https:\/\/termotim.si\/wp-content\/uploads\/2026\/04\/IMG_20230329_130446-1536x2048.jpg 1536w, https:\/\/termotim.si\/wp-content\/uploads\/2026\/04\/IMG_20230329_130446-scaled.jpg 1920w\" sizes=\"(max-width: 768px) 100vw, 768px\" \/><button\n\t\t\tclass=\"lightbox-trigger\"\n\t\t\ttype=\"button\"\n\t\t\taria-haspopup=\"dialog\"\n\t\t\taria-label=\"Pove\u010daj\"\n\t\t\tdata-wp-init=\"callbacks.initTriggerButton\"\n\t\t\tdata-wp-on--click=\"actions.showLightbox\"\n\t\t\tdata-wp-style--right=\"state.imageButtonRight\"\n\t\t\tdata-wp-style--top=\"state.imageButtonTop\"\n\t\t>\n\t\t\t<svg xmlns=\"http:\/\/www.w3.org\/2000\/svg\" width=\"12\" height=\"12\" fill=\"none\" viewBox=\"0 0 12 12\">\n\t\t\t\t<path fill=\"#fff\" d=\"M2 0a2 2 0 0 0-2 2v2h1.5V2a.5.5 0 0 1 .5-.5h2V0H2Zm2 10.5H2a.5.5 0 0 1-.5-.5V8H0v2a2 2 0 0 0 2 2h2v-1.5ZM8 12v-1.5h2a.5.5 0 0 0 .5-.5V8H12v2a2 2 0 0 1-2 2H8Zm2-12a2 2 0 0 1 2 2v2h-1.5V2a.5.5 0 0 0-.5-.5H8V0h2Z\" \/>\n\t\t\t<\/svg>\n\t\t<\/button><\/figure>\n\n\n\n<figure data-wp-context=\"{&quot;imageId&quot;:&quot;69e23f8871d9a&quot;}\" data-wp-interactive=\"core\/image\" data-wp-key=\"69e23f8871d9a\" class=\"wp-block-image size-large is-style-rounded wp-lightbox-container\"><img loading=\"lazy\" decoding=\"async\" width=\"768\" height=\"1024\" data-wp-class--hide=\"state.isContentHidden\" data-wp-class--show=\"state.isContentVisible\" data-wp-init=\"callbacks.setButtonStyles\" data-wp-on--click=\"actions.showLightbox\" data-wp-on--load=\"callbacks.setButtonStyles\" data-wp-on-window--resize=\"callbacks.setButtonStyles\" data-id=\"706\" src=\"https:\/\/termotim.si\/wp-content\/uploads\/2026\/04\/IMG_20230329_130601-768x1024.jpg\" alt=\"\" class=\"wp-image-706\" srcset=\"https:\/\/termotim.si\/wp-content\/uploads\/2026\/04\/IMG_20230329_130601-768x1024.jpg 768w, https:\/\/termotim.si\/wp-content\/uploads\/2026\/04\/IMG_20230329_130601-225x300.jpg 225w, https:\/\/termotim.si\/wp-content\/uploads\/2026\/04\/IMG_20230329_130601-1152x1536.jpg 1152w, https:\/\/termotim.si\/wp-content\/uploads\/2026\/04\/IMG_20230329_130601-1536x2048.jpg 1536w, https:\/\/termotim.si\/wp-content\/uploads\/2026\/04\/IMG_20230329_130601-scaled.jpg 1920w\" sizes=\"(max-width: 768px) 100vw, 768px\" \/><button\n\t\t\tclass=\"lightbox-trigger\"\n\t\t\ttype=\"button\"\n\t\t\taria-haspopup=\"dialog\"\n\t\t\taria-label=\"Pove\u010daj\"\n\t\t\tdata-wp-init=\"callbacks.initTriggerButton\"\n\t\t\tdata-wp-on--click=\"actions.showLightbox\"\n\t\t\tdata-wp-style--right=\"state.imageButtonRight\"\n\t\t\tdata-wp-style--top=\"state.imageButtonTop\"\n\t\t>\n\t\t\t<svg xmlns=\"http:\/\/www.w3.org\/2000\/svg\" width=\"12\" height=\"12\" fill=\"none\" viewBox=\"0 0 12 12\">\n\t\t\t\t<path fill=\"#fff\" d=\"M2 0a2 2 0 0 0-2 2v2h1.5V2a.5.5 0 0 1 .5-.5h2V0H2Zm2 10.5H2a.5.5 0 0 1-.5-.5V8H0v2a2 2 0 0 0 2 2h2v-1.5ZM8 12v-1.5h2a.5.5 0 0 0 .5-.5V8H12v2a2 2 0 0 1-2 2H8Zm2-12a2 2 0 0 1 2 2v2h-1.5V2a.5.5 0 0 0-.5-.5H8V0h2Z\" \/>\n\t\t\t<\/svg>\n\t\t<\/button><\/figure>\n\n\n\n<figure data-wp-context=\"{&quot;imageId&quot;:&quot;69e23f8872290&quot;}\" data-wp-interactive=\"core\/image\" data-wp-key=\"69e23f8872290\" class=\"wp-block-image size-large is-style-rounded wp-lightbox-container\"><img loading=\"lazy\" decoding=\"async\" width=\"768\" height=\"1024\" data-wp-class--hide=\"state.isContentHidden\" data-wp-class--show=\"state.isContentVisible\" data-wp-init=\"callbacks.setButtonStyles\" data-wp-on--click=\"actions.showLightbox\" data-wp-on--load=\"callbacks.setButtonStyles\" data-wp-on-window--resize=\"callbacks.setButtonStyles\" data-id=\"704\" src=\"https:\/\/termotim.si\/wp-content\/uploads\/2026\/04\/IMG_20230329_131348-768x1024.jpg\" alt=\"\" class=\"wp-image-704\" srcset=\"https:\/\/termotim.si\/wp-content\/uploads\/2026\/04\/IMG_20230329_131348-768x1024.jpg 768w, https:\/\/termotim.si\/wp-content\/uploads\/2026\/04\/IMG_20230329_131348-225x300.jpg 225w, https:\/\/termotim.si\/wp-content\/uploads\/2026\/04\/IMG_20230329_131348-1152x1536.jpg 1152w, https:\/\/termotim.si\/wp-content\/uploads\/2026\/04\/IMG_20230329_131348-1536x2048.jpg 1536w, https:\/\/termotim.si\/wp-content\/uploads\/2026\/04\/IMG_20230329_131348-scaled.jpg 1920w\" sizes=\"(max-width: 768px) 100vw, 768px\" \/><button\n\t\t\tclass=\"lightbox-trigger\"\n\t\t\ttype=\"button\"\n\t\t\taria-haspopup=\"dialog\"\n\t\t\taria-label=\"Pove\u010daj\"\n\t\t\tdata-wp-init=\"callbacks.initTriggerButton\"\n\t\t\tdata-wp-on--click=\"actions.showLightbox\"\n\t\t\tdata-wp-style--right=\"state.imageButtonRight\"\n\t\t\tdata-wp-style--top=\"state.imageButtonTop\"\n\t\t>\n\t\t\t<svg xmlns=\"http:\/\/www.w3.org\/2000\/svg\" width=\"12\" height=\"12\" fill=\"none\" viewBox=\"0 0 12 12\">\n\t\t\t\t<path fill=\"#fff\" d=\"M2 0a2 2 0 0 0-2 2v2h1.5V2a.5.5 0 0 1 .5-.5h2V0H2Zm2 10.5H2a.5.5 0 0 1-.5-.5V8H0v2a2 2 0 0 0 2 2h2v-1.5ZM8 12v-1.5h2a.5.5 0 0 0 .5-.5V8H12v2a2 2 0 0 1-2 2H8Zm2-12a2 2 0 0 1 2 2v2h-1.5V2a.5.5 0 0 0-.5-.5H8V0h2Z\" \/>\n\t\t\t<\/svg>\n\t\t<\/button><\/figure>\n\n\n\n<figure data-wp-context=\"{&quot;imageId&quot;:&quot;69e23f887279f&quot;}\" data-wp-interactive=\"core\/image\" data-wp-key=\"69e23f887279f\" class=\"wp-block-image size-large is-style-rounded wp-lightbox-container\"><img loading=\"lazy\" decoding=\"async\" width=\"768\" height=\"1024\" data-wp-class--hide=\"state.isContentHidden\" data-wp-class--show=\"state.isContentVisible\" data-wp-init=\"callbacks.setButtonStyles\" data-wp-on--click=\"actions.showLightbox\" data-wp-on--load=\"callbacks.setButtonStyles\" data-wp-on-window--resize=\"callbacks.setButtonStyles\" data-id=\"707\" src=\"https:\/\/termotim.si\/wp-content\/uploads\/2026\/04\/IMG_20230329_133935-768x1024.jpg\" alt=\"\" class=\"wp-image-707\" srcset=\"https:\/\/termotim.si\/wp-content\/uploads\/2026\/04\/IMG_20230329_133935-768x1024.jpg 768w, https:\/\/termotim.si\/wp-content\/uploads\/2026\/04\/IMG_20230329_133935-225x300.jpg 225w, https:\/\/termotim.si\/wp-content\/uploads\/2026\/04\/IMG_20230329_133935-1152x1536.jpg 1152w, https:\/\/termotim.si\/wp-content\/uploads\/2026\/04\/IMG_20230329_133935-1536x2048.jpg 1536w, https:\/\/termotim.si\/wp-content\/uploads\/2026\/04\/IMG_20230329_133935-scaled.jpg 1920w\" sizes=\"(max-width: 768px) 100vw, 768px\" \/><button\n\t\t\tclass=\"lightbox-trigger\"\n\t\t\ttype=\"button\"\n\t\t\taria-haspopup=\"dialog\"\n\t\t\taria-label=\"Pove\u010daj\"\n\t\t\tdata-wp-init=\"callbacks.initTriggerButton\"\n\t\t\tdata-wp-on--click=\"actions.showLightbox\"\n\t\t\tdata-wp-style--right=\"state.imageButtonRight\"\n\t\t\tdata-wp-style--top=\"state.imageButtonTop\"\n\t\t>\n\t\t\t<svg xmlns=\"http:\/\/www.w3.org\/2000\/svg\" width=\"12\" height=\"12\" fill=\"none\" viewBox=\"0 0 12 12\">\n\t\t\t\t<path fill=\"#fff\" d=\"M2 0a2 2 0 0 0-2 2v2h1.5V2a.5.5 0 0 1 .5-.5h2V0H2Zm2 10.5H2a.5.5 0 0 1-.5-.5V8H0v2a2 2 0 0 0 2 2h2v-1.5ZM8 12v-1.5h2a.5.5 0 0 0 .5-.5V8H12v2a2 2 0 0 1-2 2H8Zm2-12a2 2 0 0 1 2 2v2h-1.5V2a.5.5 0 0 0-.5-.5H8V0h2Z\" \/>\n\t\t\t<\/svg>\n\t\t<\/button><\/figure>\n\n\n\n<figure data-wp-context=\"{&quot;imageId&quot;:&quot;69e23f8872ca0&quot;}\" data-wp-interactive=\"core\/image\" data-wp-key=\"69e23f8872ca0\" class=\"wp-block-image size-large is-style-rounded wp-lightbox-container\"><img loading=\"lazy\" decoding=\"async\" width=\"1024\" height=\"768\" data-wp-class--hide=\"state.isContentHidden\" data-wp-class--show=\"state.isContentVisible\" data-wp-init=\"callbacks.setButtonStyles\" data-wp-on--click=\"actions.showLightbox\" data-wp-on--load=\"callbacks.setButtonStyles\" data-wp-on-window--resize=\"callbacks.setButtonStyles\" data-id=\"708\" src=\"https:\/\/termotim.si\/wp-content\/uploads\/2026\/04\/IMG_20230329_150004-1024x768.jpg\" alt=\"\" class=\"wp-image-708\" srcset=\"https:\/\/termotim.si\/wp-content\/uploads\/2026\/04\/IMG_20230329_150004-1024x768.jpg 1024w, https:\/\/termotim.si\/wp-content\/uploads\/2026\/04\/IMG_20230329_150004-300x225.jpg 300w, https:\/\/termotim.si\/wp-content\/uploads\/2026\/04\/IMG_20230329_150004-768x576.jpg 768w, https:\/\/termotim.si\/wp-content\/uploads\/2026\/04\/IMG_20230329_150004-1536x1152.jpg 1536w, https:\/\/termotim.si\/wp-content\/uploads\/2026\/04\/IMG_20230329_150004-2048x1536.jpg 2048w\" sizes=\"(max-width: 1024px) 100vw, 1024px\" \/><button\n\t\t\tclass=\"lightbox-trigger\"\n\t\t\ttype=\"button\"\n\t\t\taria-haspopup=\"dialog\"\n\t\t\taria-label=\"Pove\u010daj\"\n\t\t\tdata-wp-init=\"callbacks.initTriggerButton\"\n\t\t\tdata-wp-on--click=\"actions.showLightbox\"\n\t\t\tdata-wp-style--right=\"state.imageButtonRight\"\n\t\t\tdata-wp-style--top=\"state.imageButtonTop\"\n\t\t>\n\t\t\t<svg xmlns=\"http:\/\/www.w3.org\/2000\/svg\" width=\"12\" height=\"12\" fill=\"none\" viewBox=\"0 0 12 12\">\n\t\t\t\t<path fill=\"#fff\" d=\"M2 0a2 2 0 0 0-2 2v2h1.5V2a.5.5 0 0 1 .5-.5h2V0H2Zm2 10.5H2a.5.5 0 0 1-.5-.5V8H0v2a2 2 0 0 0 2 2h2v-1.5ZM8 12v-1.5h2a.5.5 0 0 0 .5-.5V8H12v2a2 2 0 0 1-2 2H8Zm2-12a2 2 0 0 1 2 2v2h-1.5V2a.5.5 0 0 0-.5-.5H8V0h2Z\" \/>\n\t\t\t<\/svg>\n\t\t<\/button><\/figure>\n<\/figure>\n\n\n\n<p><\/p>\n","protected":false},"excerpt":{"rendered":"<p>V Termotim izvajamo celotne vodovodne in kanalizacijske in\u0161talacije za novogradnje, prenove, stanovanjske hi\u0161e, stanovanja in poslovne objekte. Na\u0161a prednost je natan\u010dna izvedba, kakovostni materiali in zanesljivo delovanje sistema, ki je klju\u010dnega pomena za udobje in varnost vsakega doma. Vodovodne in\u0161talacije so zelo pomemben element za celostno funkcionalnost objekta, zato morajo biti izvedene maksimalno profesionalno in&hellip;&nbsp;<\/p>\n","protected":false},"author":1,"featured_media":0,"parent":0,"menu_order":0,"comment_status":"closed","ping_status":"closed","template":"","meta":{"neve_meta_sidebar":"","neve_meta_container":"","neve_meta_enable_content_width":"","neve_meta_content_width":0,"neve_meta_title_alignment":"","neve_meta_author_avatar":"","neve_post_elements_order":"","neve_meta_disable_header":"","neve_meta_disable_footer":"","neve_meta_disable_title":"","footnotes":""},"class_list":["post-40","page","type-page","status-publish","hentry"],"_links":{"self":[{"href":"https:\/\/termotim.si\/index.php\/wp-json\/wp\/v2\/pages\/40","targetHints":{"allow":["GET"]}}],"collection":[{"href":"https:\/\/termotim.si\/index.php\/wp-json\/wp\/v2\/pages"}],"about":[{"href":"https:\/\/termotim.si\/index.php\/wp-json\/wp\/v2\/types\/page"}],"author":[{"embeddable":true,"href":"https:\/\/termotim.si\/index.php\/wp-json\/wp\/v2\/users\/1"}],"replies":[{"embeddable":true,"href":"https:\/\/termotim.si\/index.php\/wp-json\/wp\/v2\/comments?post=40"}],"version-history":[{"count":8,"href":"https:\/\/termotim.si\/index.php\/wp-json\/wp\/v2\/pages\/40\/revisions"}],"predecessor-version":[{"id":709,"href":"https:\/\/termotim.si\/index.php\/wp-json\/wp\/v2\/pages\/40\/revisions\/709"}],"wp:attachment":[{"href":"https:\/\/termotim.si\/index.php\/wp-json\/wp\/v2\/media?parent=40"}],"curies":[{"name":"wp","href":"https:\/\/api.w.org\/{rel}","templated":true}]}}