{"id":300,"date":"2026-03-26T12:45:20","date_gmt":"2026-03-26T12:45:20","guid":{"rendered":"https:\/\/termotim.si\/?page_id=300"},"modified":"2026-04-02T12:33:22","modified_gmt":"2026-04-02T12:33:22","slug":"prezracevanje","status":"publish","type":"page","link":"https:\/\/termotim.si\/index.php\/prezracevanje\/","title":{"rendered":"Prezra\u010devanje"},"content":{"rendered":"\n<p><strong>V Termotim izvajamo sisteme prezra\u010devanja, ki izbolj\u0161ajo kakovost zraka, zmanj\u0161ajo vlago in prepre\u010dujejo nastanek plesni v stanovanjskih in poslovnih prostorih. <\/strong><\/p>\n\n\n\n<p><strong>Pravilno prezra\u010devanje je klju\u010d do zdravega doma, sve\u017eega zraka in bolj\u0161ega po\u010dutja \u2013 \u0161e posebej v dobro izoliranih, sodobnih objektih. <\/strong><\/p>\n\n\n<div class=\"wp-block-image is-style-rounded\">\n<figure data-wp-context=\"{&quot;imageId&quot;:&quot;69e23f94b9543&quot;}\" data-wp-interactive=\"core\/image\" data-wp-key=\"69e23f94b9543\" class=\"alignright size-large is-resized wp-lightbox-container\"><img fetchpriority=\"high\" decoding=\"async\" width=\"1024\" height=\"768\" data-wp-class--hide=\"state.isContentHidden\" data-wp-class--show=\"state.isContentVisible\" data-wp-init=\"callbacks.setButtonStyles\" data-wp-on--click=\"actions.showLightbox\" data-wp-on--load=\"callbacks.setButtonStyles\" data-wp-on-window--resize=\"callbacks.setButtonStyles\" src=\"https:\/\/termotim.si\/wp-content\/uploads\/2026\/04\/IMG-a82ad157fa546d12be9a4e6bad9716ef-V-1024x768.jpg\" alt=\"\" class=\"wp-image-612\" style=\"width:417px;height:auto\" srcset=\"https:\/\/termotim.si\/wp-content\/uploads\/2026\/04\/IMG-a82ad157fa546d12be9a4e6bad9716ef-V-1024x768.jpg 1024w, https:\/\/termotim.si\/wp-content\/uploads\/2026\/04\/IMG-a82ad157fa546d12be9a4e6bad9716ef-V-300x225.jpg 300w, https:\/\/termotim.si\/wp-content\/uploads\/2026\/04\/IMG-a82ad157fa546d12be9a4e6bad9716ef-V-768x576.jpg 768w, https:\/\/termotim.si\/wp-content\/uploads\/2026\/04\/IMG-a82ad157fa546d12be9a4e6bad9716ef-V-1536x1152.jpg 1536w, https:\/\/termotim.si\/wp-content\/uploads\/2026\/04\/IMG-a82ad157fa546d12be9a4e6bad9716ef-V.jpg 1600w\" sizes=\"(max-width: 1024px) 100vw, 1024px\" \/><button\n\t\t\tclass=\"lightbox-trigger\"\n\t\t\ttype=\"button\"\n\t\t\taria-haspopup=\"dialog\"\n\t\t\taria-label=\"Pove\u010daj\"\n\t\t\tdata-wp-init=\"callbacks.initTriggerButton\"\n\t\t\tdata-wp-on--click=\"actions.showLightbox\"\n\t\t\tdata-wp-style--right=\"state.imageButtonRight\"\n\t\t\tdata-wp-style--top=\"state.imageButtonTop\"\n\t\t>\n\t\t\t<svg xmlns=\"http:\/\/www.w3.org\/2000\/svg\" width=\"12\" height=\"12\" fill=\"none\" viewBox=\"0 0 12 12\">\n\t\t\t\t<path fill=\"#fff\" d=\"M2 0a2 2 0 0 0-2 2v2h1.5V2a.5.5 0 0 1 .5-.5h2V0H2Zm2 10.5H2a.5.5 0 0 1-.5-.5V8H0v2a2 2 0 0 0 2 2h2v-1.5ZM8 12v-1.5h2a.5.5 0 0 0 .5-.5V8H12v2a2 2 0 0 1-2 2H8Zm2-12a2 2 0 0 1 2 2v2h-1.5V2a.5.5 0 0 0-.5-.5H8V0h2Z\" \/>\n\t\t\t<\/svg>\n\t\t<\/button><\/figure>\n<\/div>\n\n\n<p><strong>Nudimo celovito storitev prezra\u010devanja, ki vklju\u010duje:<\/strong><\/p>\n\n\n\n<ul class=\"wp-block-list\">\n<li><strong>svetovanje pri izbiri sistema<\/strong><\/li>\n\n\n\n<li><strong>dobavo prezra\u010devalnih enot<\/strong><\/li>\n\n\n\n<li><strong>monta\u017eo prezra\u010devalnih enot<\/strong><\/li>\n\n\n\n<li><strong>izvedbo vseh potrebnih in\u0161talacij<\/strong><\/li>\n\n\n\n<li><strong>zagon in nastavitev pretoka zraka<\/strong><\/li>\n\n\n\n<li><strong>vzdr\u017eevanje in \u010di\u0161\u010denje<\/strong><\/li>\n<\/ul>\n\n\n\n<p><\/p>\n\n\n\n<p class=\"has-text-align-left\"><strong>Poskrbimo, da va\u0161 prostor ne bo ve\u010d zadihan, vla\u017een ali pretopel, temve\u010d bo prijetno sve\u017e skozi cel dan in skozi vse letne \u010dase. <\/strong><\/p>\n\n\n<div class=\"wp-block-image is-style-rounded\">\n<figure data-wp-context=\"{&quot;imageId&quot;:&quot;69e23f94b9c27&quot;}\" data-wp-interactive=\"core\/image\" data-wp-key=\"69e23f94b9c27\" class=\"alignright size-large is-resized wp-lightbox-container\"><img decoding=\"async\" width=\"1024\" height=\"768\" data-wp-class--hide=\"state.isContentHidden\" data-wp-class--show=\"state.isContentVisible\" data-wp-init=\"callbacks.setButtonStyles\" data-wp-on--click=\"actions.showLightbox\" data-wp-on--load=\"callbacks.setButtonStyles\" data-wp-on-window--resize=\"callbacks.setButtonStyles\" src=\"https:\/\/termotim.si\/wp-content\/uploads\/2026\/04\/IMG-cfdd5e1a24ef21b2fd9dd3b11f0f6294-V-1024x768.jpg\" alt=\"\" class=\"wp-image-613\" style=\"width:433px;height:auto\" srcset=\"https:\/\/termotim.si\/wp-content\/uploads\/2026\/04\/IMG-cfdd5e1a24ef21b2fd9dd3b11f0f6294-V-1024x768.jpg 1024w, https:\/\/termotim.si\/wp-content\/uploads\/2026\/04\/IMG-cfdd5e1a24ef21b2fd9dd3b11f0f6294-V-300x225.jpg 300w, https:\/\/termotim.si\/wp-content\/uploads\/2026\/04\/IMG-cfdd5e1a24ef21b2fd9dd3b11f0f6294-V-768x576.jpg 768w, https:\/\/termotim.si\/wp-content\/uploads\/2026\/04\/IMG-cfdd5e1a24ef21b2fd9dd3b11f0f6294-V-1536x1152.jpg 1536w, https:\/\/termotim.si\/wp-content\/uploads\/2026\/04\/IMG-cfdd5e1a24ef21b2fd9dd3b11f0f6294-V.jpg 1600w\" sizes=\"(max-width: 1024px) 100vw, 1024px\" \/><button\n\t\t\tclass=\"lightbox-trigger\"\n\t\t\ttype=\"button\"\n\t\t\taria-haspopup=\"dialog\"\n\t\t\taria-label=\"Pove\u010daj\"\n\t\t\tdata-wp-init=\"callbacks.initTriggerButton\"\n\t\t\tdata-wp-on--click=\"actions.showLightbox\"\n\t\t\tdata-wp-style--right=\"state.imageButtonRight\"\n\t\t\tdata-wp-style--top=\"state.imageButtonTop\"\n\t\t>\n\t\t\t<svg xmlns=\"http:\/\/www.w3.org\/2000\/svg\" width=\"12\" height=\"12\" fill=\"none\" viewBox=\"0 0 12 12\">\n\t\t\t\t<path fill=\"#fff\" d=\"M2 0a2 2 0 0 0-2 2v2h1.5V2a.5.5 0 0 1 .5-.5h2V0H2Zm2 10.5H2a.5.5 0 0 1-.5-.5V8H0v2a2 2 0 0 0 2 2h2v-1.5ZM8 12v-1.5h2a.5.5 0 0 0 .5-.5V8H12v2a2 2 0 0 1-2 2H8Zm2-12a2 2 0 0 1 2 2v2h-1.5V2a.5.5 0 0 0-.5-.5H8V0h2Z\" \/>\n\t\t\t<\/svg>\n\t\t<\/button><\/figure>\n<\/div>\n\n\n<p><\/p>\n\n\n\n<p class=\"has-text-align-left\"><strong>VRSTE PREZRA\u010cEVALNIH SISTEMOV<\/strong><\/p>\n\n\n\n<ul class=\"wp-block-list\">\n<li><strong>lokalno prezra\u010devanje z rekuperacijo<\/strong><\/li>\n\n\n\n<li><strong>centralno prezra\u010devanje z rekuperacijo<\/strong><\/li>\n\n\n\n<li><strong>kopalni\u0161ki ventilatorji in odsesovalni sistemi<\/strong><\/li>\n<\/ul>\n\n\n\n<p><\/p>\n\n\n\n<p class=\"has-text-align-left\"><strong>ZAKAJ IZBRATI PREZRA\u010cEVANJE?<\/strong><\/p>\n\n\n\n<ul class=\"wp-block-list\">\n<li><strong>bolj\u0161a kakovost zraka<\/strong><\/li>\n\n\n\n<li><strong>manj vlage, plesni in zatohlosti<\/strong><\/li>\n\n\n\n<li><strong>manj alergij in dra\u017eenja dihal<\/strong><\/li>\n\n\n\n<li><strong>prihranek pri ogrevanju<\/strong><\/li>\n\n\n\n<li><strong>bolj\u0161e po\u010dutje in ve\u010d energije<\/strong><\/li>\n\n\n\n<li><strong>dolgoro\u010dno zdrav dom<\/strong><\/li>\n<\/ul>\n\n\n\n<figure class=\"wp-block-gallery has-nested-images columns-default is-cropped wp-block-gallery-1 is-layout-flex wp-block-gallery-is-layout-flex\">\n<figure class=\"wp-block-image size-large is-style-rounded\"><img decoding=\"async\" width=\"768\" height=\"1024\" data-id=\"639\" src=\"https:\/\/termotim.si\/wp-content\/uploads\/2026\/04\/650708390_1231013402538173_7699719296436988565_n-1-768x1024.jpg\" alt=\"\" class=\"wp-image-639\" srcset=\"https:\/\/termotim.si\/wp-content\/uploads\/2026\/04\/650708390_1231013402538173_7699719296436988565_n-1-768x1024.jpg 768w, https:\/\/termotim.si\/wp-content\/uploads\/2026\/04\/650708390_1231013402538173_7699719296436988565_n-1-225x300.jpg 225w, https:\/\/termotim.si\/wp-content\/uploads\/2026\/04\/650708390_1231013402538173_7699719296436988565_n-1-1152x1536.jpg 1152w, https:\/\/termotim.si\/wp-content\/uploads\/2026\/04\/650708390_1231013402538173_7699719296436988565_n-1.jpg 1200w\" sizes=\"(max-width: 768px) 100vw, 768px\" \/><\/figure>\n\n\n\n<figure class=\"wp-block-image size-large is-style-rounded\"><img loading=\"lazy\" decoding=\"async\" width=\"768\" height=\"1024\" data-id=\"641\" src=\"https:\/\/termotim.si\/wp-content\/uploads\/2026\/04\/652701929_1231013282538185_2590657778223055999_n-1-768x1024.jpg\" alt=\"\" class=\"wp-image-641\" srcset=\"https:\/\/termotim.si\/wp-content\/uploads\/2026\/04\/652701929_1231013282538185_2590657778223055999_n-1-768x1024.jpg 768w, https:\/\/termotim.si\/wp-content\/uploads\/2026\/04\/652701929_1231013282538185_2590657778223055999_n-1-225x300.jpg 225w, https:\/\/termotim.si\/wp-content\/uploads\/2026\/04\/652701929_1231013282538185_2590657778223055999_n-1-1152x1536.jpg 1152w, https:\/\/termotim.si\/wp-content\/uploads\/2026\/04\/652701929_1231013282538185_2590657778223055999_n-1.jpg 1200w\" sizes=\"(max-width: 768px) 100vw, 768px\" \/><\/figure>\n\n\n\n<figure class=\"wp-block-image size-large is-style-rounded\"><img loading=\"lazy\" decoding=\"async\" width=\"768\" height=\"1024\" data-id=\"640\" src=\"https:\/\/termotim.si\/wp-content\/uploads\/2026\/04\/652820328_1231013305871516_3240587017171779185_n-768x1024.jpg\" alt=\"\" class=\"wp-image-640\" srcset=\"https:\/\/termotim.si\/wp-content\/uploads\/2026\/04\/652820328_1231013305871516_3240587017171779185_n-768x1024.jpg 768w, https:\/\/termotim.si\/wp-content\/uploads\/2026\/04\/652820328_1231013305871516_3240587017171779185_n-225x300.jpg 225w, https:\/\/termotim.si\/wp-content\/uploads\/2026\/04\/652820328_1231013305871516_3240587017171779185_n-1152x1536.jpg 1152w, https:\/\/termotim.si\/wp-content\/uploads\/2026\/04\/652820328_1231013305871516_3240587017171779185_n.jpg 1200w\" sizes=\"(max-width: 768px) 100vw, 768px\" \/><\/figure>\n<\/figure>\n\n\n\n<p><\/p>\n","protected":false},"excerpt":{"rendered":"<p>V Termotim izvajamo sisteme prezra\u010devanja, ki izbolj\u0161ajo kakovost zraka, zmanj\u0161ajo vlago in prepre\u010dujejo nastanek plesni v stanovanjskih in poslovnih prostorih. Pravilno prezra\u010devanje je klju\u010d do zdravega doma, sve\u017eega zraka in bolj\u0161ega po\u010dutja \u2013 \u0161e posebej v dobro izoliranih, sodobnih objektih. Nudimo celovito storitev prezra\u010devanja, ki vklju\u010duje: Poskrbimo, da va\u0161 prostor ne bo ve\u010d zadihan, vla\u017een&hellip;&nbsp;<\/p>\n","protected":false},"author":1,"featured_media":0,"parent":0,"menu_order":0,"comment_status":"closed","ping_status":"closed","template":"","meta":{"neve_meta_sidebar":"","neve_meta_container":"","neve_meta_enable_content_width":"","neve_meta_content_width":0,"neve_meta_title_alignment":"","neve_meta_author_avatar":"","neve_post_elements_order":"","neve_meta_disable_header":"","neve_meta_disable_footer":"","neve_meta_disable_title":"","footnotes":""},"class_list":["post-300","page","type-page","status-publish","hentry"],"_links":{"self":[{"href":"https:\/\/termotim.si\/index.php\/wp-json\/wp\/v2\/pages\/300","targetHints":{"allow":["GET"]}}],"collection":[{"href":"https:\/\/termotim.si\/index.php\/wp-json\/wp\/v2\/pages"}],"about":[{"href":"https:\/\/termotim.si\/index.php\/wp-json\/wp\/v2\/types\/page"}],"author":[{"embeddable":true,"href":"https:\/\/termotim.si\/index.php\/wp-json\/wp\/v2\/users\/1"}],"replies":[{"embeddable":true,"href":"https:\/\/termotim.si\/index.php\/wp-json\/wp\/v2\/comments?post=300"}],"version-history":[{"count":22,"href":"https:\/\/termotim.si\/index.php\/wp-json\/wp\/v2\/pages\/300\/revisions"}],"predecessor-version":[{"id":642,"href":"https:\/\/termotim.si\/index.php\/wp-json\/wp\/v2\/pages\/300\/revisions\/642"}],"wp:attachment":[{"href":"https:\/\/termotim.si\/index.php\/wp-json\/wp\/v2\/media?parent=300"}],"curies":[{"name":"wp","href":"https:\/\/api.w.org\/{rel}","templated":true}]}}