{"id":25,"date":"2026-03-24T11:47:41","date_gmt":"2026-03-24T11:47:41","guid":{"rendered":"https:\/\/termotim.si\/?page_id=25"},"modified":"2026-04-02T13:56:57","modified_gmt":"2026-04-02T13:56:57","slug":"o-nas","status":"publish","type":"page","link":"https:\/\/termotim.si\/","title":{"rendered":"Kdo smo?"},"content":{"rendered":"\n<p class=\"has-text-align-left\"><strong>Termotim d.o.o je rasto\u010de podjetje, ustanovljeno leta 2019, ki se specializira za storitve s podro\u010dja vodovodnih in\u0161talacij, izvedbo kopalnic na klju\u010d, ogrevalnih sistemov, sistemov hlajenja, prezra\u010devalnih sistemov in sanitarne opreme.<\/strong><\/p>\n\n\n\n<p><strong>Od za\u010detka delovanja nas vodi jasen cilj \u2013 strankam zagotoviti zanesljive izvedbe, strokovne re\u0161itve in prijazen pristop.<\/strong><\/p>\n\n\n\n<p><strong>Na\u0161o ekipo sestavljajo izku\u0161eni monterji, ki vsak sistem obravnavajo odgovorno in natan\u010dno.<\/strong><\/p>\n\n\n\n<p><strong>Pri izvedbi kopalnic na klju\u010d poskrbimo za celoten proces: od demonta\u017ee obstoje\u010de opreme, razvoda in\u0161talacij, izbire sanitarne opreme, do kon\u010dne monta\u017ee in predaje \u010distega prostora.<\/strong><\/p>\n\n\n\n<p><strong>Ponosni smo, da nas stranke prepoznajo po:<\/strong><\/p>\n\n\n\n<ul class=\"wp-block-list\">\n<li><strong>hitrem odzivu<\/strong><\/li>\n\n\n\n<li><strong>korektni komunikaciji<\/strong><\/li>\n\n\n\n<li><strong>strokovnem svetovanju in prilagodljivih re\u0161itvah<\/strong><\/li>\n\n\n\n<li><strong>\u010distem in skrbnem delu<\/strong><\/li>\n\n\n\n<li><strong>zanesljivosti<\/strong><\/li>\n<\/ul>\n\n\n\n<p class=\"has-text-align-left\"><strong>V Termotim \u017eelimo ustvarjati re\u0161itve, ki prina\u0161ajo udobje, energijsko var\u010dnost, u\u010dinkovitost in varnost. Zavezani smo profesionalnosti in transparentnosti.<\/strong><\/p>\n\n\n<div class=\"wp-block-image is-style-rounded\">\n<figure class=\"aligncenter size-large is-resized\"><img fetchpriority=\"high\" decoding=\"async\" width=\"1024\" height=\"768\" src=\"https:\/\/termotim.si\/wp-content\/uploads\/2026\/03\/IMG_20210925_134428-1024x768.jpg\" alt=\"\" class=\"wp-image-499\" style=\"width:641px;height:auto\" srcset=\"https:\/\/termotim.si\/wp-content\/uploads\/2026\/03\/IMG_20210925_134428-1024x768.jpg 1024w, https:\/\/termotim.si\/wp-content\/uploads\/2026\/03\/IMG_20210925_134428-300x225.jpg 300w, https:\/\/termotim.si\/wp-content\/uploads\/2026\/03\/IMG_20210925_134428-768x576.jpg 768w, https:\/\/termotim.si\/wp-content\/uploads\/2026\/03\/IMG_20210925_134428-1536x1152.jpg 1536w, https:\/\/termotim.si\/wp-content\/uploads\/2026\/03\/IMG_20210925_134428-2048x1536.jpg 2048w\" sizes=\"(max-width: 1024px) 100vw, 1024px\" \/><\/figure>\n<\/div>\n\n\n<p><\/p>\n","protected":false},"excerpt":{"rendered":"<p>Termotim d.o.o je rasto\u010de podjetje, ustanovljeno leta 2019, ki se specializira za storitve s podro\u010dja vodovodnih in\u0161talacij, izvedbo kopalnic na klju\u010d, ogrevalnih sistemov, sistemov hlajenja, prezra\u010devalnih sistemov in sanitarne opreme. Od za\u010detka delovanja nas vodi jasen cilj \u2013 strankam zagotoviti zanesljive izvedbe, strokovne re\u0161itve in prijazen pristop. Na\u0161o ekipo sestavljajo izku\u0161eni monterji, ki vsak sistem&hellip;&nbsp;<\/p>\n","protected":false},"author":1,"featured_media":0,"parent":0,"menu_order":0,"comment_status":"closed","ping_status":"closed","template":"","meta":{"neve_meta_sidebar":"","neve_meta_container":"","neve_meta_enable_content_width":"","neve_meta_content_width":0,"neve_meta_title_alignment":"","neve_meta_author_avatar":"","neve_post_elements_order":"","neve_meta_disable_header":"","neve_meta_disable_footer":"","neve_meta_disable_title":"","footnotes":""},"class_list":["post-25","page","type-page","status-publish","hentry"],"_links":{"self":[{"href":"https:\/\/termotim.si\/index.php\/wp-json\/wp\/v2\/pages\/25","targetHints":{"allow":["GET"]}}],"collection":[{"href":"https:\/\/termotim.si\/index.php\/wp-json\/wp\/v2\/pages"}],"about":[{"href":"https:\/\/termotim.si\/index.php\/wp-json\/wp\/v2\/types\/page"}],"author":[{"embeddable":true,"href":"https:\/\/termotim.si\/index.php\/wp-json\/wp\/v2\/users\/1"}],"replies":[{"embeddable":true,"href":"https:\/\/termotim.si\/index.php\/wp-json\/wp\/v2\/comments?post=25"}],"version-history":[{"count":17,"href":"https:\/\/termotim.si\/index.php\/wp-json\/wp\/v2\/pages\/25\/revisions"}],"predecessor-version":[{"id":667,"href":"https:\/\/termotim.si\/index.php\/wp-json\/wp\/v2\/pages\/25\/revisions\/667"}],"wp:attachment":[{"href":"https:\/\/termotim.si\/index.php\/wp-json\/wp\/v2\/media?parent=25"}],"curies":[{"name":"wp","href":"https:\/\/api.w.org\/{rel}","templated":true}]}}